{"id":404,"date":"2024-09-22T20:33:37","date_gmt":"2024-09-22T18:33:37","guid":{"rendered":"https:\/\/skl.skoczylaswioleta.pl\/?post_type=product&#038;p=404"},"modified":"2024-09-22T20:34:35","modified_gmt":"2024-09-22T18:34:35","slug":"plecak","status":"publish","type":"product","link":"https:\/\/skl.skoczylaswioleta.pl\/?product=plecak","title":{"rendered":"Plecak"},"content":{"rendered":"<p>Worek typu plecak doskonale nadje si\u0119 do przechowywania przedmiot\u00f3w formatu A4 ale tak\u017ce mniejszych. Klasyczna kolorystyka to pewno\u015b\u0107 nowoczesnego designu na ka\u017cd\u0105 okazj\u0119. Worek typu plecak doskonale nadje si\u0119 do przechowywania przedmiot\u00f3w formatu A4 ale tak\u017ce mniejszych. Klasyczna kolorystyka to pewno\u015b\u0107 nowoczesnego designu na ka\u017cd\u0105 okazj\u0119. Worek typu plecak doskonale nadje si\u0119 do przechowywania przedmiot\u00f3w formatu A4 ale tak\u017ce mniejszych. Klasyczna kolorystyka to pewno\u015b\u0107 nowoczesnego designu na ka\u017cd\u0105 okazj\u0119.<\/p>\n","protected":false},"excerpt":{"rendered":"<p>Worek typu plecak doskonale nadje si\u0119 do przechowywania przedmiot\u00f3w formatu A4 ale tak\u017ce mniejszych. Klasyczna kolorystyka to pewno\u015b\u0107 nowoczesnego designu na ka\u017cd\u0105 okazj\u0119.<\/p>\n","protected":false},"featured_media":405,"comment_status":"open","ping_status":"closed","template":"","meta":{"site-sidebar-layout":"default","site-content-layout":"","ast-site-content-layout":"default","site-content-style":"default","site-sidebar-style":"default","ast-global-header-display":"","ast-banner-title-visibility":"","ast-main-header-display":"","ast-hfb-above-header-display":"","ast-hfb-below-header-display":"","ast-hfb-mobile-header-display":"","site-post-title":"","ast-breadcrumbs-content":"","ast-featured-img":"","footer-sml-layout":"","theme-transparent-header-meta":"default","adv-header-id-meta":"","stick-header-meta":"","header-above-stick-meta":"","header-main-stick-meta":"","header-below-stick-meta":"","astra-migrate-meta-layouts":"set","ast-page-background-enabled":"default","ast-page-background-meta":{"desktop":{"background-color":"var(--ast-global-color-4)","background-image":"","background-repeat":"repeat","background-position":"center center","background-size":"auto","background-attachment":"scroll","background-type":"","background-media":"","overlay-type":"","overlay-color":"","overlay-opacity":"","overlay-gradient":""},"tablet":{"background-color":"","background-image":"","background-repeat":"repeat","background-position":"center center","background-size":"auto","background-attachment":"scroll","background-type":"","background-media":"","overlay-type":"","overlay-color":"","overlay-opacity":"","overlay-gradient":""},"mobile":{"background-color":"","background-image":"","background-repeat":"repeat","background-position":"center center","background-size":"auto","background-attachment":"scroll","background-type":"","background-media":"","overlay-type":"","overlay-color":"","overlay-opacity":"","overlay-gradient":""}},"ast-content-background-meta":{"desktop":{"background-color":"var(--ast-global-color-5)","background-image":"","background-repeat":"repeat","background-position":"center center","background-size":"auto","background-attachment":"scroll","background-type":"","background-media":"","overlay-type":"","overlay-color":"","overlay-opacity":"","overlay-gradient":""},"tablet":{"background-color":"var(--ast-global-color-5)","background-image":"","background-repeat":"repeat","background-position":"center center","background-size":"auto","background-attachment":"scroll","background-type":"","background-media":"","overlay-type":"","overlay-color":"","overlay-opacity":"","overlay-gradient":""},"mobile":{"background-color":"var(--ast-global-color-5)","background-image":"","background-repeat":"repeat","background-position":"center center","background-size":"auto","background-attachment":"scroll","background-type":"","background-media":"","overlay-type":"","overlay-color":"","overlay-opacity":"","overlay-gradient":""}}},"product_cat":[26],"product_tag":[40,39],"class_list":{"0":"post-404","1":"product","2":"type-product","3":"status-publish","4":"has-post-thumbnail","6":"product_cat-akcesoria","7":"product_tag-nike","8":"product_tag-worek","9":"desktop-align-left","10":"tablet-align-left","11":"mobile-align-left","13":"first","14":"instock","15":"taxable","16":"shipping-taxable","17":"purchasable","18":"product-type-simple"},"_links":{"self":[{"href":"https:\/\/skl.skoczylaswioleta.pl\/index.php?rest_route=\/wp\/v2\/product\/404","targetHints":{"allow":["GET"]}}],"collection":[{"href":"https:\/\/skl.skoczylaswioleta.pl\/index.php?rest_route=\/wp\/v2\/product"}],"about":[{"href":"https:\/\/skl.skoczylaswioleta.pl\/index.php?rest_route=\/wp\/v2\/types\/product"}],"replies":[{"embeddable":true,"href":"https:\/\/skl.skoczylaswioleta.pl\/index.php?rest_route=%2Fwp%2Fv2%2Fcomments&post=404"}],"wp:featuredmedia":[{"embeddable":true,"href":"https:\/\/skl.skoczylaswioleta.pl\/index.php?rest_route=\/wp\/v2\/media\/405"}],"wp:attachment":[{"href":"https:\/\/skl.skoczylaswioleta.pl\/index.php?rest_route=%2Fwp%2Fv2%2Fmedia&parent=404"}],"wp:term":[{"taxonomy":"product_cat","embeddable":true,"href":"https:\/\/skl.skoczylaswioleta.pl\/index.php?rest_route=%2Fwp%2Fv2%2Fproduct_cat&post=404"},{"taxonomy":"product_tag","embeddable":true,"href":"https:\/\/skl.skoczylaswioleta.pl\/index.php?rest_route=%2Fwp%2Fv2%2Fproduct_tag&post=404"}],"curies":[{"name":"wp","href":"https:\/\/api.w.org\/{rel}","templated":true}]}}